{"id":2,"date":"2021-10-11T21:00:00","date_gmt":"2021-10-11T19:00:00","guid":{"rendered":"https:\/\/tante-taal.nl\/?page_id=2"},"modified":"2023-08-28T10:19:48","modified_gmt":"2023-08-28T08:19:48","slug":"teksten-in-correct-nederlands","status":"publish","type":"page","link":"https:\/\/tante-taal.nl\/","title":{"rendered":"Tante Taal"},"content":{"rendered":"\n<div class=\"wp-block-cover is-light has-parallax is-style-default\" style=\"padding-top:50px;padding-right:50px;padding-bottom:50px;padding-left:50px;min-height:50px;aspect-ratio:unset;\"><span aria-hidden=\"true\" class=\"wp-block-cover__background has-background-dim\"><\/span><div role=\"img\" class=\"wp-block-cover__image-background wp-image-237 has-parallax\" style=\"background-position:50% 50%;background-image:url(https:\/\/tante-taal.nl\/wp-content\/uploads\/2021\/10\/tante-taal-background.jpg)\"><\/div><div class=\"wp-block-cover__inner-container is-layout-flow wp-block-cover-is-layout-flow\">\n<h4 class=\"wp-block-heading custom-color\">Correcte teksten<\/h4>\n\n\n\n<p>Teksten in correct Nederlands: Tante-Taal helpt met schrijven!<\/p>\n<\/div><\/div>\n\n\n\n<p><\/p>\n\n\n\n<div class=\"wp-block-cover is-light has-parallax is-style-default\" style=\"padding-top:50px;padding-right:50px;padding-bottom:50px;padding-left:50px;min-height:50px;aspect-ratio:unset;\"><span aria-hidden=\"true\" class=\"wp-block-cover__background has-background-dim\"><\/span><div role=\"img\" class=\"wp-block-cover__image-background wp-image-237 has-parallax\" style=\"background-position:50% 50%;background-image:url(https:\/\/tante-taal.nl\/wp-content\/uploads\/2021\/10\/tante-taal-background.jpg)\"><\/div><div class=\"wp-block-cover__inner-container is-layout-flow wp-block-cover-is-layout-flow\">\n<h4 class=\"wp-block-heading custom-color\">Jouw website<\/h4>\n\n\n\n<p>Jouw website is het visitekaartje van jouw bedrijf. Je wilt natuurlijk dat die site \u00e9cht weergeeft wie en wat jij bent. Waar jij voor st\u00e1\u00e1t.<\/p>\n\n\n\n<p>Dus, je gaat een website bouwen en komt er dan achter dat jouw kracht net niet ligt in het schrijven van een goede, in correct Nederlands geschreven tekst. Jouw kracht ligt namelijk in je eigen werk. Het beroep dat jij gekozen hebt. Daarom schakel je Tante Taal in, want:<\/p>\n\n\n\n<p>Tante Taal helpt met schrijven!<\/p>\n<\/div><\/div>\n\n\n\n<p><\/p>\n\n\n\n<div class=\"wp-block-cover is-light has-parallax\" style=\"padding-top:50px;padding-right:50px;padding-bottom:50px;padding-left:50px;min-height:50px;aspect-ratio:unset;\"><span aria-hidden=\"true\" class=\"wp-block-cover__background has-background-dim\"><\/span><div role=\"img\" class=\"wp-block-cover__image-background wp-image-237 has-parallax\" style=\"background-position:50% 50%;background-image:url(https:\/\/tante-taal.nl\/wp-content\/uploads\/2021\/10\/tante-taal-background.jpg)\"><\/div><div class=\"wp-block-cover__inner-container is-layout-flow wp-block-cover-is-layout-flow\">\n<h4 class=\"wp-block-heading custom-color\">Mijn specialiteit<\/h4>\n\n\n\n<p>Jouw website laat zien wie jij bent. Je weet wat je in de tekst wilt hebben, wat werkt voor jouw bedrijf. Je hebt een tekst geschreven; jij weet tenslotte precies wat jij kunt. Je twijfelt echter of de tekst wel in correct Nederlands is geschreven. Dan schakel je mij in, want eerlijk is eerlijk: Nederlands is soms best lastig.<\/p>\n\n\n\n<p> Laat dat nu net mijn specialiteit zijn, dat lastige Nederlands! <\/p>\n<\/div><\/div>\n\n\n\n<p><\/p>\n\n\n\n<div class=\"wp-block-cover is-light has-parallax\" style=\"padding-top:50px;padding-right:50px;padding-bottom:50px;padding-left:50px;min-height:50px;aspect-ratio:unset;\"><span aria-hidden=\"true\" class=\"wp-block-cover__background has-background-dim\"><\/span><div role=\"img\" class=\"wp-block-cover__image-background wp-image-237 has-parallax\" style=\"background-position:50% 50%;background-image:url(https:\/\/tante-taal.nl\/wp-content\/uploads\/2021\/10\/tante-taal-background.jpg)\"><\/div><div class=\"wp-block-cover__inner-container is-layout-flow wp-block-cover-is-layout-flow\">\n<h4 class=\"wp-block-heading custom-color\">Wie ben ik?<\/h4>\n\n\n\n<p>Ik ben een docent in hart en nieren en ik geniet van teksten die in correct Nederlands geschreven zijn. Al meer dan twintig jaar geef ik les, ben ik bezig met de Nederlandse taal. Dat is mijn kracht. Als we nu elk onze kracht gebruiken, dan presenteer jij bijvoorbeeld mooie gerechten op tafel of jij repareert of schildert dat ene kozijn, dan zorg ik ervoor dat jouw tekst op de juiste manier gepresenteerd wordt op jouw website of op jouw menukaart.<\/p>\n\n\n\n<p>Ik kom graag kennismaken om te zien of wij elkaars kracht kunnen versterken!  <\/p>\n<\/div><\/div>\n\n\n\n<p><\/p>\n\n\n\n<div class=\"wp-block-cover is-light has-parallax\" style=\"padding-top:50px;padding-right:50px;padding-bottom:50px;padding-left:50px;min-height:50px;aspect-ratio:unset;\"><span aria-hidden=\"true\" class=\"wp-block-cover__background has-background-dim\"><\/span><div role=\"img\" class=\"wp-block-cover__image-background wp-image-237 has-parallax\" style=\"background-position:50% 50%;background-image:url(https:\/\/tante-taal.nl\/wp-content\/uploads\/2021\/10\/tante-taal-background.jpg)\"><\/div><div class=\"wp-block-cover__inner-container is-layout-flow wp-block-cover-is-layout-flow\">\n<h4 class=\"wp-block-heading custom-color\">Werkwijze<\/h4>\n\n\n\n<p>Opdrachten beginnen met een gesprek. Een gesprek om elkaar een beetje te leren kennen, om uit te leggen hoe ik werk en om uit te vinden wat jij precies wilt. Op grond van dit gesprek breng ik een offerte uit. Duidelijke afspraken, daar houd ik van. <\/p>\n<\/div><\/div>\n\n\n\n<p><\/p>\n\n\n\n<div class=\"wp-block-cover\" style=\"min-height:400px;aspect-ratio:unset;\"><span aria-hidden=\"true\" class=\"wp-block-cover__background has-background-dim-30 has-background-dim\"><\/span><img loading=\"lazy\" decoding=\"async\" width=\"605\" height=\"403\" class=\"wp-block-cover__image-background wp-image-25\" alt=\"\" src=\"https:\/\/tante-taal.nl\/wp-content\/uploads\/2021\/10\/tante-taal.jpg\" style=\"object-position:25% 100%\" data-object-fit=\"cover\" data-object-position=\"25% 100%\" srcset=\"https:\/\/tante-taal.nl\/wp-content\/uploads\/2021\/10\/tante-taal.jpg 605w, https:\/\/tante-taal.nl\/wp-content\/uploads\/2021\/10\/tante-taal-300x200.jpg 300w\" sizes=\"auto, (max-width: 605px) 100vw, 605px\" \/><div class=\"wp-block-cover__inner-container is-layout-flow wp-block-cover-is-layout-flow\">\n<h4 class=\"wp-block-heading\"><span class=\"custom-color\"><strong>Tante Taal<\/strong><\/span><\/h4>\n\n\n\n<p>De Valouwe 36<br>8426 EZ Appelscha<\/p>\n\n\n\n<p>telefoon: <a data-type=\"tel\" data-id=\"tel:31646644812\" href=\"tel:+31651138866\">+316 466 44 812<\/a><br>e-mail: <a data-type=\"mailto\" data-id=\"mailto:info@tante-taal.nl\" href=\"mailto:info@tante-taal.nl\">info@tante-taal.nl<\/a><\/p>\n\n\n\n<p>KVK 72643099<\/p>\n<\/div><\/div>\n","protected":false},"excerpt":{"rendered":"","protected":false},"author":3,"featured_media":0,"parent":0,"menu_order":0,"comment_status":"closed","ping_status":"open","template":"","meta":{"footnotes":""},"class_list":["post-2","page","type-page","status-publish","hentry"],"yoast_head":"<!-- This site is optimized with the Yoast SEO plugin v27.4 - https:\/\/yoast.com\/product\/yoast-seo-wordpress\/ -->\n<title>Tante Taal<\/title>\n<meta name=\"description\" content=\"Teksten in correct Nederlands: Tante-Taal helpt met schrijven! Nederlands is soms best lastig. Laat dat nu net mijn specialiteit zijn!\" \/>\n<meta name=\"robots\" content=\"index, nofollow, max-snippet:-1, max-image-preview:large, max-video-preview:-1\" \/>\n<link rel=\"canonical\" href=\"https:\/\/tante-taal.nl\/\" \/>\n<meta property=\"og:locale\" content=\"nl_NL\" \/>\n<meta property=\"og:type\" content=\"article\" \/>\n<meta property=\"og:title\" content=\"Tante Taal\" \/>\n<meta property=\"og:description\" content=\"Teksten in correct Nederlands: Tante-Taal helpt met schrijven! Nederlands is soms best lastig. Laat dat nu net mijn specialiteit zijn!\" \/>\n<meta property=\"og:url\" content=\"https:\/\/tante-taal.nl\/\" \/>\n<meta property=\"og:site_name\" content=\"Tante Taal\" \/>\n<meta property=\"article:modified_time\" content=\"2023-08-28T08:19:48+00:00\" \/>\n<meta property=\"og:image\" content=\"https:\/\/tante-taal.nl\/wp-content\/uploads\/2021\/10\/tante-taal.jpg\" \/>\n<meta name=\"twitter:card\" content=\"summary_large_image\" \/>\n<meta name=\"twitter:label1\" content=\"Geschatte leestijd\" \/>\n\t<meta name=\"twitter:data1\" content=\"2 minuten\" \/>\n<script type=\"application\/ld+json\" class=\"yoast-schema-graph\">{\"@context\":\"https:\\\/\\\/schema.org\",\"@graph\":[{\"@type\":\"WebPage\",\"@id\":\"https:\\\/\\\/tante-taal.nl\\\/\",\"url\":\"https:\\\/\\\/tante-taal.nl\\\/\",\"name\":\"Tante Taal\",\"isPartOf\":{\"@id\":\"https:\\\/\\\/tante-taal.nl\\\/#website\"},\"primaryImageOfPage\":{\"@id\":\"https:\\\/\\\/tante-taal.nl\\\/#primaryimage\"},\"image\":{\"@id\":\"https:\\\/\\\/tante-taal.nl\\\/#primaryimage\"},\"thumbnailUrl\":\"https:\\\/\\\/tante-taal.nl\\\/wp-content\\\/uploads\\\/2021\\\/10\\\/tante-taal.jpg\",\"datePublished\":\"2021-10-11T19:00:00+00:00\",\"dateModified\":\"2023-08-28T08:19:48+00:00\",\"description\":\"Teksten in correct Nederlands: Tante-Taal helpt met schrijven! Nederlands is soms best lastig. Laat dat nu net mijn specialiteit zijn!\",\"breadcrumb\":{\"@id\":\"https:\\\/\\\/tante-taal.nl\\\/#breadcrumb\"},\"inLanguage\":\"nl-NL\",\"potentialAction\":[{\"@type\":\"ReadAction\",\"target\":[\"https:\\\/\\\/tante-taal.nl\\\/\"]}]},{\"@type\":\"ImageObject\",\"inLanguage\":\"nl-NL\",\"@id\":\"https:\\\/\\\/tante-taal.nl\\\/#primaryimage\",\"url\":\"https:\\\/\\\/tante-taal.nl\\\/wp-content\\\/uploads\\\/2021\\\/10\\\/tante-taal.jpg\",\"contentUrl\":\"https:\\\/\\\/tante-taal.nl\\\/wp-content\\\/uploads\\\/2021\\\/10\\\/tante-taal.jpg\",\"width\":605,\"height\":403},{\"@type\":\"BreadcrumbList\",\"@id\":\"https:\\\/\\\/tante-taal.nl\\\/#breadcrumb\",\"itemListElement\":[{\"@type\":\"ListItem\",\"position\":1,\"name\":\"Home\",\"item\":\"https:\\\/\\\/tante-taal.nl\\\/\"},{\"@type\":\"ListItem\",\"position\":2,\"name\":\"Tante Taal\"}]},{\"@type\":\"WebSite\",\"@id\":\"https:\\\/\\\/tante-taal.nl\\\/#website\",\"url\":\"https:\\\/\\\/tante-taal.nl\\\/\",\"name\":\"Tante Taal\",\"description\":\"correcte teksten\",\"publisher\":{\"@id\":\"https:\\\/\\\/tante-taal.nl\\\/#\\\/schema\\\/person\\\/8a0cb07ab6dbefe6e54d917836cdc1b5\"},\"potentialAction\":[{\"@type\":\"SearchAction\",\"target\":{\"@type\":\"EntryPoint\",\"urlTemplate\":\"https:\\\/\\\/tante-taal.nl\\\/?s={search_term_string}\"},\"query-input\":{\"@type\":\"PropertyValueSpecification\",\"valueRequired\":true,\"valueName\":\"search_term_string\"}}],\"inLanguage\":\"nl-NL\"},{\"@type\":[\"Person\",\"Organization\"],\"@id\":\"https:\\\/\\\/tante-taal.nl\\\/#\\\/schema\\\/person\\\/8a0cb07ab6dbefe6e54d917836cdc1b5\",\"name\":\"Tante Taal\",\"image\":{\"@type\":\"ImageObject\",\"inLanguage\":\"nl-NL\",\"@id\":\"https:\\\/\\\/tante-taal.nl\\\/wp-content\\\/uploads\\\/2021\\\/10\\\/cropped-tante-taal-tt-logo.png\",\"url\":\"https:\\\/\\\/tante-taal.nl\\\/wp-content\\\/uploads\\\/2021\\\/10\\\/cropped-tante-taal-tt-logo.png\",\"contentUrl\":\"https:\\\/\\\/tante-taal.nl\\\/wp-content\\\/uploads\\\/2021\\\/10\\\/cropped-tante-taal-tt-logo.png\",\"width\":250,\"height\":250,\"caption\":\"Tante Taal\"},\"logo\":{\"@id\":\"https:\\\/\\\/tante-taal.nl\\\/wp-content\\\/uploads\\\/2021\\\/10\\\/cropped-tante-taal-tt-logo.png\"}}]}<\/script>\n<!-- \/ Yoast SEO plugin. -->","yoast_head_json":{"title":"Tante Taal","description":"Teksten in correct Nederlands: Tante-Taal helpt met schrijven! Nederlands is soms best lastig. Laat dat nu net mijn specialiteit zijn!","robots":{"index":"index","follow":"nofollow","max-snippet":"max-snippet:-1","max-image-preview":"max-image-preview:large","max-video-preview":"max-video-preview:-1"},"canonical":"https:\/\/tante-taal.nl\/","og_locale":"nl_NL","og_type":"article","og_title":"Tante Taal","og_description":"Teksten in correct Nederlands: Tante-Taal helpt met schrijven! Nederlands is soms best lastig. Laat dat nu net mijn specialiteit zijn!","og_url":"https:\/\/tante-taal.nl\/","og_site_name":"Tante Taal","article_modified_time":"2023-08-28T08:19:48+00:00","og_image":[{"url":"https:\/\/tante-taal.nl\/wp-content\/uploads\/2021\/10\/tante-taal.jpg","type":"","width":"","height":""}],"twitter_card":"summary_large_image","twitter_misc":{"Geschatte leestijd":"2 minuten"},"schema":{"@context":"https:\/\/schema.org","@graph":[{"@type":"WebPage","@id":"https:\/\/tante-taal.nl\/","url":"https:\/\/tante-taal.nl\/","name":"Tante Taal","isPartOf":{"@id":"https:\/\/tante-taal.nl\/#website"},"primaryImageOfPage":{"@id":"https:\/\/tante-taal.nl\/#primaryimage"},"image":{"@id":"https:\/\/tante-taal.nl\/#primaryimage"},"thumbnailUrl":"https:\/\/tante-taal.nl\/wp-content\/uploads\/2021\/10\/tante-taal.jpg","datePublished":"2021-10-11T19:00:00+00:00","dateModified":"2023-08-28T08:19:48+00:00","description":"Teksten in correct Nederlands: Tante-Taal helpt met schrijven! Nederlands is soms best lastig. Laat dat nu net mijn specialiteit zijn!","breadcrumb":{"@id":"https:\/\/tante-taal.nl\/#breadcrumb"},"inLanguage":"nl-NL","potentialAction":[{"@type":"ReadAction","target":["https:\/\/tante-taal.nl\/"]}]},{"@type":"ImageObject","inLanguage":"nl-NL","@id":"https:\/\/tante-taal.nl\/#primaryimage","url":"https:\/\/tante-taal.nl\/wp-content\/uploads\/2021\/10\/tante-taal.jpg","contentUrl":"https:\/\/tante-taal.nl\/wp-content\/uploads\/2021\/10\/tante-taal.jpg","width":605,"height":403},{"@type":"BreadcrumbList","@id":"https:\/\/tante-taal.nl\/#breadcrumb","itemListElement":[{"@type":"ListItem","position":1,"name":"Home","item":"https:\/\/tante-taal.nl\/"},{"@type":"ListItem","position":2,"name":"Tante Taal"}]},{"@type":"WebSite","@id":"https:\/\/tante-taal.nl\/#website","url":"https:\/\/tante-taal.nl\/","name":"Tante Taal","description":"correcte teksten","publisher":{"@id":"https:\/\/tante-taal.nl\/#\/schema\/person\/8a0cb07ab6dbefe6e54d917836cdc1b5"},"potentialAction":[{"@type":"SearchAction","target":{"@type":"EntryPoint","urlTemplate":"https:\/\/tante-taal.nl\/?s={search_term_string}"},"query-input":{"@type":"PropertyValueSpecification","valueRequired":true,"valueName":"search_term_string"}}],"inLanguage":"nl-NL"},{"@type":["Person","Organization"],"@id":"https:\/\/tante-taal.nl\/#\/schema\/person\/8a0cb07ab6dbefe6e54d917836cdc1b5","name":"Tante Taal","image":{"@type":"ImageObject","inLanguage":"nl-NL","@id":"https:\/\/tante-taal.nl\/wp-content\/uploads\/2021\/10\/cropped-tante-taal-tt-logo.png","url":"https:\/\/tante-taal.nl\/wp-content\/uploads\/2021\/10\/cropped-tante-taal-tt-logo.png","contentUrl":"https:\/\/tante-taal.nl\/wp-content\/uploads\/2021\/10\/cropped-tante-taal-tt-logo.png","width":250,"height":250,"caption":"Tante Taal"},"logo":{"@id":"https:\/\/tante-taal.nl\/wp-content\/uploads\/2021\/10\/cropped-tante-taal-tt-logo.png"}}]}},"_links":{"self":[{"href":"https:\/\/tante-taal.nl\/index.php?rest_route=\/wp\/v2\/pages\/2","targetHints":{"allow":["GET"]}}],"collection":[{"href":"https:\/\/tante-taal.nl\/index.php?rest_route=\/wp\/v2\/pages"}],"about":[{"href":"https:\/\/tante-taal.nl\/index.php?rest_route=\/wp\/v2\/types\/page"}],"author":[{"embeddable":true,"href":"https:\/\/tante-taal.nl\/index.php?rest_route=\/wp\/v2\/users\/3"}],"replies":[{"embeddable":true,"href":"https:\/\/tante-taal.nl\/index.php?rest_route=%2Fwp%2Fv2%2Fcomments&post=2"}],"version-history":[{"count":58,"href":"https:\/\/tante-taal.nl\/index.php?rest_route=\/wp\/v2\/pages\/2\/revisions"}],"predecessor-version":[{"id":270,"href":"https:\/\/tante-taal.nl\/index.php?rest_route=\/wp\/v2\/pages\/2\/revisions\/270"}],"wp:attachment":[{"href":"https:\/\/tante-taal.nl\/index.php?rest_route=%2Fwp%2Fv2%2Fmedia&parent=2"}],"curies":[{"name":"wp","href":"https:\/\/api.w.org\/{rel}","templated":true}]}}